{"id":1154,"date":"2022-02-14T17:35:44","date_gmt":"2022-02-14T17:35:44","guid":{"rendered":"https:\/\/hospitalityhouse.be\/cases\/"},"modified":"2024-01-09T17:15:30","modified_gmt":"2024-01-09T17:15:30","slug":"cas","status":"publish","type":"page","link":"https:\/\/hospitalityhouse.be\/fr\/cas\/","title":{"rendered":"Cas"},"content":{"rendered":"<div class=\"wpb-content-wrapper\"><p>[vc_row el_class=\u00a0\u00bbhome row-1 cases\u00a0\u00bb][vc_column el_class=\u00a0\u00bbouter-col-1&Prime;][vc_row_inner el_class=\u00a0\u00bbinner-row-1&Prime;][vc_column_inner el_class=\u00a0\u00bbinner-col-1&Prime;][vc_single_image image=\u00a0\u00bb850&Prime; img_size=\u00a0\u00bbfull\u00a0\u00bb alignment=\u00a0\u00bbcenter\u00a0\u00bb css_animation=\u00a0\u00bbfadeIn\u00a0\u00bb][\/vc_column_inner][\/vc_row_inner][\/vc_column][\/vc_row][vc_row el_class=\u00a0\u00bbhome row-2 cases\u00a0\u00bb][vc_column el_class=\u00a0\u00bbouter-col-1&Prime;][vc_row_inner el_class=\u00a0\u00bbinner-row-1&Prime;][vc_column_inner el_class=\u00a0\u00bbinner-col-1&Prime; width=\u00a0\u00bb2\/3&Prime; css=\u00a0\u00bb.vc_custom_1643626093439{background-color: #bdb145 !important;}\u00a0\u00bb][vc_column_text]<\/p>\n<h1>Notre palmar\u00e8s<br \/>\nparle de lui-m\u00eame.<\/h1>\n<p>[\/vc_column_text][vc_column_text]<\/p>\n<h2>Nous parlons beaucoup, mais passons-nous r\u00e9ellement \u00e0 l\u2019action\u202f?<br \/>\nVoyez par vous-m\u00eame et d\u00e9couvrez ce que nous avons \u00e0 vous offrir.<\/h2>\n<p>[\/vc_column_text][\/vc_column_inner][vc_column_inner el_class=\u00a0\u00bbinner-col-2&Prime; width=\u00a0\u00bb1\/3&Prime;][vc_single_image image=\u00a0\u00bb137&Prime; img_size=\u00a0\u00bbfull\u00a0\u00bb alignment=\u00a0\u00bbright\u00a0\u00bb css_animation=\u00a0\u00bbslideInUp\u00a0\u00bb][\/vc_column_inner][\/vc_row_inner][\/vc_column][\/vc_row][vc_row el_class=\u00a0\u00bbhome row-9 cases\u00a0\u00bb][vc_column el_class=\u00a0\u00bbouter-col-1&Prime;][vc_row_inner el_class=\u00a0\u00bbinner-row-2&Prime;][vc_column_inner el_class=\u00a0\u00bbinner-col-1&Prime;][vc_column_text]<style type='text\/css' media='all'>#rt-tpg-container-3132102651 .rt-holder .rt-woo-info .price{color:#0367bf;}body .rt-tpg-container .rt-tpg-isotope-buttons .selected,\n\t\t\t\t\t#rt-tpg-container-3132102651 .layout12 .rt-holder:hover .rt-detail,\n\t\t\t\t\t#rt-tpg-container-3132102651 .isotope8 .rt-holder:hover .rt-detail,\n\t\t\t\t\t#rt-tpg-container-3132102651 .carousel8 .rt-holder:hover .rt-detail,\n\t\t\t\t\t#rt-tpg-container-3132102651 .layout13 .rt-holder .overlay .post-info,\n\t\t\t\t\t#rt-tpg-container-3132102651 .isotope9 .rt-holder .overlay .post-info,\n\t\t\t\t\t#rt-tpg-container-3132102651.rt-tpg-container .layout4 .rt-holder .rt-detail,\n\t\t\t\t\t.rt-modal-3132102651 .md-content,\n\t\t\t\t\t.rt-modal-3132102651 .md-content > .rt-md-content-holder .rt-md-content,\n\t\t\t\t\t.rt-popup-wrap-3132102651.rt-popup-wrap .rt-popup-navigation-wrap,\n\t\t\t\t\t#rt-tpg-container-3132102651 .carousel9 .rt-holder .overlay .post-info{background-color:#0367bf;}#rt-tpg-container-3132102651 .layout5 .rt-holder .overlay, #rt-tpg-container-3132102651 .isotope2 .rt-holder .overlay, #rt-tpg-container-3132102651 .carousel2 .rt-holder .overlay,#rt-tpg-container-3132102651 .layout15 .rt-holder h3, #rt-tpg-container-3132102651 .isotope11 .rt-holder h3, #rt-tpg-container-3132102651 .carousel11 .rt-holder h3, #rt-tpg-container-3132102651 .layout16 .rt-holder h3,\n\t\t\t\t\t#rt-tpg-container-3132102651 .isotope12 .rt-holder h3, #rt-tpg-container-3132102651 .carousel12 .rt-holder h3 {background-color:rgba(3,103,191,0.1);}#rt-tpg-container-3132102651 .read-more a{border-radius:px;}#rt-tpg-container-3132102651 .rt-img-holder img.rt-img-responsive,#rt-tpg-container-3132102651 .rt-img-holder,\n\t\t\t\t\t#rt-tpg-container-3132102651 .rt-post-overlay .post-img,\n\t\t\t\t\t#rt-tpg-container-3132102651 .post-sm .post-img,\n\t\t\t\t\t#rt-tpg-container-3132102651 .rt-post-grid .post-img,\n\t\t\t\t\t#rt-tpg-container-3132102651 .post-img img {border-radius:px;}<\/style><div class='rt-container-fluid rt-tpg-container tpg-shortcode-main-wrapper ' id='rt-tpg-container-3132102651'   data-layout='layout1' data-grid-style='even' data-desktop-col='3'  data-tab-col='2'  data-mobile-col='1' data-sc-id='443'><div class='rt-layout-filter-container rt-clear'><div class='rt-filter-wrap'><div class='rt-filter-item-wrap rt-tax-filter rt-filter-button-wrap' data-taxonomy='category'><span class='term-button-item rt-filter-button-item  selected' data-term='all'>Tous<\/span><span class='term-button-item rt-filter-button-item ' data-term='23'>Non classifi\u00e9(e)<\/span><span class='term-button-item rt-filter-button-item ' data-term='36'>Coming soon<\/span><span class='term-button-item rt-filter-button-item ' data-term='40'>Constructions<\/span><span class='term-button-item rt-filter-button-item ' data-term='34'>CTA<\/span><span class='term-button-item rt-filter-button-item ' data-term='38'>Locations<\/span><span class='term-button-item rt-filter-button-item ' data-term='44'>Ventes<\/span><span class='term-button-item rt-filter-button-item ' data-term='43'>Leasing<\/span><\/div><\/div><\/div><div data-title='Loading ...' class='rt-row rt-content-loader   layout1 tpg-even '><div class=\"rt-col-md-4 rt-col-sm-6 rt-col-xs-12 even-grid-item rt-grid-item\" data-id=\"1170\"><div class=\"rt-holder\"><div class=\"rt-img-holder\"><a data-id=\"1170\" class=\"\" href=\"https:\/\/hospitalityhouse.be\/fr\/cases\/take-in\/\"><img loading=\"lazy\" decoding=\"async\" width=\"1300\" height=\"1949\" src=\"https:\/\/hospitalityhouse.be\/wp-content\/uploads\/2022\/02\/take-in.jpg\" class=\"rt-img-responsive \" alt=\"\" \/><\/a><\/div><div class='rt-detail'><div class='post-meta-user  '><span class='categories-links'><i class='fas fa-folder-open '><\/i><a class=\"constructions-fr\" href=\"https:\/\/hospitalityhouse.be\/fr\/category\/constructions-fr\/\" rel=\"tag\">Constructions<\/a><\/span><\/div><div class='tpg-cf-wrap'><div class='tpg-cf-fields tgp-cf-acf-image' data-name='logo'><div class='tgp-cf-field-value'><img src='https:\/\/hospitalityhouse.be\/wp-content\/uploads\/2023\/10\/take-in-logo.svg' \/><\/div><\/div><\/div><\/div><\/div><\/div><div class=\"rt-col-md-4 rt-col-sm-6 rt-col-xs-12 even-grid-item rt-grid-item\" data-id=\"1168\"><div class=\"rt-holder\"><div class=\"rt-img-holder\"><a data-id=\"1168\" class=\"\" href=\"https:\/\/hospitalityhouse.be\/fr\/cases\/adagio-access\/\"><img loading=\"lazy\" decoding=\"async\" width=\"1300\" height=\"1949\" src=\"https:\/\/hospitalityhouse.be\/wp-content\/uploads\/2022\/02\/adagio.jpg\" class=\"rt-img-responsive \" alt=\"\" \/><\/a><\/div><div class='rt-detail'><div class='post-meta-user  '><span class='categories-links'><i class='fas fa-folder-open '><\/i><a class=\"constructions-fr\" href=\"https:\/\/hospitalityhouse.be\/fr\/category\/constructions-fr\/\" rel=\"tag\">Constructions<\/a><\/span><\/div><div class='tpg-cf-wrap'><div class='tpg-cf-fields tgp-cf-acf-image' data-name='logo'><div class='tgp-cf-field-value'><img src='https:\/\/hospitalityhouse.be\/wp-content\/uploads\/2023\/10\/adagio-logo.svg' \/><\/div><\/div><\/div><\/div><\/div><\/div><div class=\"rt-col-md-4 rt-col-sm-6 rt-col-xs-12 even-grid-item rt-grid-item\" data-id=\"1166\"><div class=\"rt-holder\"><div class=\"rt-img-holder\"><a data-id=\"1166\" class=\"\" href=\"https:\/\/hospitalityhouse.be\/fr\/cases\/ibis-budget\/\"><img loading=\"lazy\" decoding=\"async\" width=\"1300\" height=\"1949\" src=\"https:\/\/hospitalityhouse.be\/wp-content\/uploads\/2022\/02\/ibis.jpg\" class=\"rt-img-responsive \" alt=\"\" \/><\/a><\/div><div class='rt-detail'><div class='post-meta-user  '><span class='categories-links'><i class='fas fa-folder-open '><\/i><a class=\"locations-fr\" href=\"https:\/\/hospitalityhouse.be\/fr\/category\/locations-fr\/\" rel=\"tag\">Locations<\/a><\/span><\/div><div class='tpg-cf-wrap'><div class='tpg-cf-fields tgp-cf-acf-image' data-name='logo'><div class='tgp-cf-field-value'><img src='https:\/\/hospitalityhouse.be\/wp-content\/uploads\/2023\/10\/Logo_ibis_budget_Long-white.svg' \/><\/div><\/div><\/div><\/div><\/div><\/div><div class=\"rt-col-md-4 rt-col-sm-6 rt-col-xs-12 even-grid-item rt-grid-item\" data-id=\"1394\"><div class=\"rt-holder\"><div class=\"rt-img-holder\"><a data-id=\"1394\" class=\"\" href=\"https:\/\/hospitalityhouse.be\/fr\/cases\/yup-hotel\/\"><img loading=\"lazy\" decoding=\"async\" width=\"2560\" height=\"1440\" src=\"https:\/\/hospitalityhouse.be\/wp-content\/uploads\/2023\/10\/ibis-styles.jpg\" class=\"rt-img-responsive \" alt=\"\" \/><\/a><\/div><div class='rt-detail'><div class='post-meta-user  '><span class='categories-links'><i class='fas fa-folder-open '><\/i><a class=\"locations-fr\" href=\"https:\/\/hospitalityhouse.be\/fr\/category\/locations-fr\/\" rel=\"tag\">Locations<\/a><\/span><\/div><div class='tpg-cf-wrap'><div class='tpg-cf-fields tgp-cf-acf-image' data-name='logo'><div class='tgp-cf-field-value'><img src='https:\/\/hospitalityhouse.be\/wp-content\/uploads\/2025\/02\/Logo_Wit_Styles_Hasselt-e1738681675234.png' \/><\/div><\/div><\/div><\/div><\/div><\/div><div class=\"rt-col-md-4 rt-col-sm-6 rt-col-xs-12 even-grid-item rt-grid-item\" data-id=\"1164\"><div class=\"rt-holder\"><div class=\"rt-img-holder\"><a data-id=\"1164\" class=\"\" href=\"https:\/\/hospitalityhouse.be\/fr\/cases\/hotel-bxl\/\"><img loading=\"lazy\" decoding=\"async\" width=\"1300\" height=\"1947\" src=\"https:\/\/hospitalityhouse.be\/wp-content\/uploads\/2023\/10\/coming-soon.jpg\" class=\"rt-img-responsive \" alt=\"\" \/><\/a><\/div><div class='rt-detail'><div class='post-meta-user  '><span class='categories-links'><i class='fas fa-folder-open '><\/i><a class=\"coming-soon-fr\" href=\"https:\/\/hospitalityhouse.be\/fr\/category\/coming-soon-fr\/\" rel=\"tag\">Coming soon<\/a><\/span><\/div><div class='tpg-cf-wrap'><div class='tpg-cf-fields tgp-cf-acf-image' data-name='logo'><div class='tgp-cf-field-value'><img src='https:\/\/hospitalityhouse.be\/wp-content\/uploads\/2023\/10\/Hotel-bxl-1.svg' \/><\/div><\/div><\/div><\/div><\/div><\/div><div class=\"rt-col-md-4 rt-col-sm-6 rt-col-xs-12 even-grid-item rt-grid-item\" data-id=\"1162\"><div class=\"rt-holder\"><div class=\"rt-img-holder\"><a data-id=\"1162\" class=\"\" href=\"https:\/\/hospitalityhouse.be\/fr\/cases\/votre-projet\/\"><img loading=\"lazy\" decoding=\"async\" width=\"1\" height=\"1\" src=\"https:\/\/hospitalityhouse.be\/wp-content\/uploads\/2023\/10\/your-project-FR.svg\" class=\"rt-img-responsive \" alt=\"\" \/><\/a><\/div><div class='rt-detail'><div class='post-meta-user  '><span class='categories-links'><i class='fas fa-folder-open '><\/i><a class=\"cta-fr\" href=\"https:\/\/hospitalityhouse.be\/fr\/category\/cta-fr\/\" rel=\"tag\">CTA<\/a><\/span><\/div><div class='tpg-cf-wrap'><div class='tpg-cf-fields tgp-cf-acf-image' data-name='logo'><div class='tgp-cf-field-value'><img src='https:\/\/hospitalityhouse.be\/wp-content\/uploads\/2022\/01\/favicon.svg' \/><\/div><\/div><\/div><\/div><\/div><\/div><\/div><\/div>[\/vc_column_text][\/vc_column_inner][\/vc_row_inner][\/vc_column][\/vc_row]<\/p>\n<\/div>","protected":false},"excerpt":{"rendered":"<p>[vc_row el_class=\u00a0\u00bbhome row-1 cases\u00a0\u00bb][vc_column el_class=\u00a0\u00bbouter-col-1&Prime;][vc_row_inner el_class=\u00a0\u00bbinner-row-1&Prime;][vc_column_inner el_class=\u00a0\u00bbinner-col-1&Prime;][vc_single_image image=\u00a0\u00bb850&Prime; img_size=\u00a0\u00bbfull\u00a0\u00bb alignment=\u00a0\u00bbcenter\u00a0\u00bb css_animation=\u00a0\u00bbfadeIn\u00a0\u00bb][\/vc_column_inner][\/vc_row_inner][\/vc_column][\/vc_row][vc_row el_class=\u00a0\u00bbhome row-2 cases\u00a0\u00bb][vc_column el_class=\u00a0\u00bbouter-col-1&Prime;][vc_row_inner el_class=\u00a0\u00bbinner-row-1&Prime;][vc_column_inner el_class=\u00a0\u00bbinner-col-1&Prime; width=\u00a0\u00bb2\/3&Prime; css=\u00a0\u00bb.vc_custom_1643626093439{background-color: #bdb145 !important;}\u00a0\u00bb][vc_column_text] Notre palmar\u00e8s parle de lui-m\u00eame. [\/vc_column_text][vc_column_text] Nous parlons beaucoup, mais passons-nous r\u00e9ellement \u00e0 l\u2019action\u202f? Voyez par vous-m\u00eame et d\u00e9couvrez ce que nous avons \u00e0 vous offrir. [\/vc_column_text][\/vc_column_inner][vc_column_inner el_class=\u00a0\u00bbinner-col-2&Prime; width=\u00a0\u00bb1\/3&Prime;][vc_single_image image=\u00a0\u00bb137&Prime; img_size=\u00a0\u00bbfull\u00a0\u00bb alignment=\u00a0\u00bbright\u00a0\u00bb css_animation=\u00a0\u00bbslideInUp\u00a0\u00bb][\/vc_column_inner][\/vc_row_inner][\/vc_column][\/vc_row][vc_row el_class=\u00a0\u00bbhome&hellip;&nbsp;<a href=\"https:\/\/hospitalityhouse.be\/fr\/cases\/votre-projet\/\" rel=\"bookmark\">Read More &raquo;<span class=\"screen-reader-text\">Votre projet?<\/span><\/a><\/p>\n","protected":false},"author":1,"featured_media":0,"parent":0,"menu_order":0,"comment_status":"closed","ping_status":"closed","template":"","meta":{"_acf_changed":false,"inline_featured_image":false,"neve_meta_sidebar":"","neve_meta_container":"","neve_meta_enable_content_width":"on","neve_meta_content_width":100,"neve_meta_title_alignment":"","neve_meta_author_avatar":"","neve_post_elements_order":"","neve_meta_disable_header":"","neve_meta_disable_footer":"","neve_meta_disable_title":"on","neve_meta_reading_time":"","footnotes":""},"class_list":["post-1154","page","type-page","status-publish","hentry"],"acf":[],"yoast_head":"<!-- This site is optimized with the Yoast SEO plugin v27.4 - https:\/\/yoast.com\/product\/yoast-seo-wordpress\/ -->\n<title>Cas - Hospitality House<\/title>\n<meta name=\"robots\" content=\"index, follow, max-snippet:-1, max-image-preview:large, max-video-preview:-1\" \/>\n<link rel=\"canonical\" href=\"https:\/\/hospitalityhouse.be\/fr\/cas\/\" \/>\n<meta property=\"og:locale\" content=\"fr_FR\" \/>\n<meta property=\"og:type\" content=\"article\" \/>\n<meta property=\"og:title\" content=\"Cas - Hospitality House\" \/>\n<meta property=\"og:description\" content=\"[vc_row el_class=\u00a0\u00bbhome row-1 cases\u00a0\u00bb][vc_column el_class=\u00a0\u00bbouter-col-1&Prime;][vc_row_inner el_class=\u00a0\u00bbinner-row-1&Prime;][vc_column_inner el_class=\u00a0\u00bbinner-col-1&Prime;][vc_single_image image=\u00a0\u00bb850&Prime; img_size=\u00a0\u00bbfull\u00a0\u00bb alignment=\u00a0\u00bbcenter\u00a0\u00bb css_animation=\u00a0\u00bbfadeIn\u00a0\u00bb][\/vc_column_inner][\/vc_row_inner][\/vc_column][\/vc_row][vc_row el_class=\u00a0\u00bbhome row-2 cases\u00a0\u00bb][vc_column el_class=\u00a0\u00bbouter-col-1&Prime;][vc_row_inner el_class=\u00a0\u00bbinner-row-1&Prime;][vc_column_inner el_class=\u00a0\u00bbinner-col-1&Prime; width=\u00a0\u00bb2\/3&Prime; css=\u00a0\u00bb.vc_custom_1643626093439{background-color: #bdb145 !important;}\u00a0\u00bb][vc_column_text] Notre palmar\u00e8s parle de lui-m\u00eame. [\/vc_column_text][vc_column_text] Nous parlons beaucoup, mais passons-nous r\u00e9ellement \u00e0 l\u2019action\u202f? Voyez par vous-m\u00eame et d\u00e9couvrez ce que nous avons \u00e0 vous offrir. [\/vc_column_text][\/vc_column_inner][vc_column_inner el_class=\u00a0\u00bbinner-col-2&Prime; width=\u00a0\u00bb1\/3&Prime;][vc_single_image image=\u00a0\u00bb137&Prime; img_size=\u00a0\u00bbfull\u00a0\u00bb alignment=\u00a0\u00bbright\u00a0\u00bb css_animation=\u00a0\u00bbslideInUp\u00a0\u00bb][\/vc_column_inner][\/vc_row_inner][\/vc_column][\/vc_row][vc_row el_class=\u00a0\u00bbhome&hellip;&nbsp;Read More &raquo;Votre projet?\" \/>\n<meta property=\"og:url\" content=\"https:\/\/hospitalityhouse.be\/fr\/cas\/\" \/>\n<meta property=\"og:site_name\" content=\"Hospitality House\" \/>\n<meta property=\"article:modified_time\" content=\"2024-01-09T17:15:30+00:00\" \/>\n<meta name=\"twitter:card\" content=\"summary_large_image\" \/>\n<meta name=\"twitter:label1\" content=\"Dur\u00e9e de lecture estim\u00e9e\" \/>\n\t<meta name=\"twitter:data1\" content=\"1 minute\" \/>\n<script type=\"application\/ld+json\" class=\"yoast-schema-graph\">{\"@context\":\"https:\\\/\\\/schema.org\",\"@graph\":[{\"@type\":\"WebPage\",\"@id\":\"https:\\\/\\\/hospitalityhouse.be\\\/fr\\\/cas\\\/\",\"url\":\"https:\\\/\\\/hospitalityhouse.be\\\/fr\\\/cas\\\/\",\"name\":\"Cas - Hospitality House\",\"isPartOf\":{\"@id\":\"https:\\\/\\\/hospitalityhouse.be\\\/#website\"},\"datePublished\":\"2022-02-14T17:35:44+00:00\",\"dateModified\":\"2024-01-09T17:15:30+00:00\",\"breadcrumb\":{\"@id\":\"https:\\\/\\\/hospitalityhouse.be\\\/fr\\\/cas\\\/#breadcrumb\"},\"inLanguage\":\"fr-FR\",\"potentialAction\":[{\"@type\":\"ReadAction\",\"target\":[\"https:\\\/\\\/hospitalityhouse.be\\\/fr\\\/cas\\\/\"]}]},{\"@type\":\"BreadcrumbList\",\"@id\":\"https:\\\/\\\/hospitalityhouse.be\\\/fr\\\/cas\\\/#breadcrumb\",\"itemListElement\":[{\"@type\":\"ListItem\",\"position\":1,\"name\":\"Home\",\"item\":\"https:\\\/\\\/hospitalityhouse.be\\\/fr\\\/\"},{\"@type\":\"ListItem\",\"position\":2,\"name\":\"Cas\"}]},{\"@type\":\"WebSite\",\"@id\":\"https:\\\/\\\/hospitalityhouse.be\\\/#website\",\"url\":\"https:\\\/\\\/hospitalityhouse.be\\\/\",\"name\":\"Bosh and Bordon\",\"description\":\"Let\u2019s talk hotels\",\"publisher\":{\"@id\":\"https:\\\/\\\/hospitalityhouse.be\\\/#organization\"},\"potentialAction\":[{\"@type\":\"SearchAction\",\"target\":{\"@type\":\"EntryPoint\",\"urlTemplate\":\"https:\\\/\\\/hospitalityhouse.be\\\/?s={search_term_string}\"},\"query-input\":{\"@type\":\"PropertyValueSpecification\",\"valueRequired\":true,\"valueName\":\"search_term_string\"}}],\"inLanguage\":\"fr-FR\"},{\"@type\":\"Organization\",\"@id\":\"https:\\\/\\\/hospitalityhouse.be\\\/#organization\",\"name\":\"Bosh and Bordon\",\"url\":\"https:\\\/\\\/hospitalityhouse.be\\\/\",\"logo\":{\"@type\":\"ImageObject\",\"inLanguage\":\"fr-FR\",\"@id\":\"https:\\\/\\\/hospitalityhouse.be\\\/#\\\/schema\\\/logo\\\/image\\\/\",\"url\":\"https:\\\/\\\/hospitalityhouse.be\\\/wp-content\\\/uploads\\\/2022\\\/01\\\/hh-logo.svg\",\"contentUrl\":\"https:\\\/\\\/hospitalityhouse.be\\\/wp-content\\\/uploads\\\/2022\\\/01\\\/hh-logo.svg\",\"caption\":\"Bosh and Bordon\"},\"image\":{\"@id\":\"https:\\\/\\\/hospitalityhouse.be\\\/#\\\/schema\\\/logo\\\/image\\\/\"}}]}<\/script>\n<!-- \/ Yoast SEO plugin. -->","yoast_head_json":{"title":"Cas - Hospitality House","robots":{"index":"index","follow":"follow","max-snippet":"max-snippet:-1","max-image-preview":"max-image-preview:large","max-video-preview":"max-video-preview:-1"},"canonical":"https:\/\/hospitalityhouse.be\/fr\/cas\/","og_locale":"fr_FR","og_type":"article","og_title":"Cas - Hospitality House","og_description":"[vc_row el_class=\u00a0\u00bbhome row-1 cases\u00a0\u00bb][vc_column el_class=\u00a0\u00bbouter-col-1&Prime;][vc_row_inner el_class=\u00a0\u00bbinner-row-1&Prime;][vc_column_inner el_class=\u00a0\u00bbinner-col-1&Prime;][vc_single_image image=\u00a0\u00bb850&Prime; img_size=\u00a0\u00bbfull\u00a0\u00bb alignment=\u00a0\u00bbcenter\u00a0\u00bb css_animation=\u00a0\u00bbfadeIn\u00a0\u00bb][\/vc_column_inner][\/vc_row_inner][\/vc_column][\/vc_row][vc_row el_class=\u00a0\u00bbhome row-2 cases\u00a0\u00bb][vc_column el_class=\u00a0\u00bbouter-col-1&Prime;][vc_row_inner el_class=\u00a0\u00bbinner-row-1&Prime;][vc_column_inner el_class=\u00a0\u00bbinner-col-1&Prime; width=\u00a0\u00bb2\/3&Prime; css=\u00a0\u00bb.vc_custom_1643626093439{background-color: #bdb145 !important;}\u00a0\u00bb][vc_column_text] Notre palmar\u00e8s parle de lui-m\u00eame. [\/vc_column_text][vc_column_text] Nous parlons beaucoup, mais passons-nous r\u00e9ellement \u00e0 l\u2019action\u202f? Voyez par vous-m\u00eame et d\u00e9couvrez ce que nous avons \u00e0 vous offrir. [\/vc_column_text][\/vc_column_inner][vc_column_inner el_class=\u00a0\u00bbinner-col-2&Prime; width=\u00a0\u00bb1\/3&Prime;][vc_single_image image=\u00a0\u00bb137&Prime; img_size=\u00a0\u00bbfull\u00a0\u00bb alignment=\u00a0\u00bbright\u00a0\u00bb css_animation=\u00a0\u00bbslideInUp\u00a0\u00bb][\/vc_column_inner][\/vc_row_inner][\/vc_column][\/vc_row][vc_row el_class=\u00a0\u00bbhome&hellip;&nbsp;Read More &raquo;Votre projet?","og_url":"https:\/\/hospitalityhouse.be\/fr\/cas\/","og_site_name":"Hospitality House","article_modified_time":"2024-01-09T17:15:30+00:00","twitter_card":"summary_large_image","twitter_misc":{"Dur\u00e9e de lecture estim\u00e9e":"1 minute"},"schema":{"@context":"https:\/\/schema.org","@graph":[{"@type":"WebPage","@id":"https:\/\/hospitalityhouse.be\/fr\/cas\/","url":"https:\/\/hospitalityhouse.be\/fr\/cas\/","name":"Cas - Hospitality House","isPartOf":{"@id":"https:\/\/hospitalityhouse.be\/#website"},"datePublished":"2022-02-14T17:35:44+00:00","dateModified":"2024-01-09T17:15:30+00:00","breadcrumb":{"@id":"https:\/\/hospitalityhouse.be\/fr\/cas\/#breadcrumb"},"inLanguage":"fr-FR","potentialAction":[{"@type":"ReadAction","target":["https:\/\/hospitalityhouse.be\/fr\/cas\/"]}]},{"@type":"BreadcrumbList","@id":"https:\/\/hospitalityhouse.be\/fr\/cas\/#breadcrumb","itemListElement":[{"@type":"ListItem","position":1,"name":"Home","item":"https:\/\/hospitalityhouse.be\/fr\/"},{"@type":"ListItem","position":2,"name":"Cas"}]},{"@type":"WebSite","@id":"https:\/\/hospitalityhouse.be\/#website","url":"https:\/\/hospitalityhouse.be\/","name":"Bosh and Bordon","description":"Let\u2019s talk hotels","publisher":{"@id":"https:\/\/hospitalityhouse.be\/#organization"},"potentialAction":[{"@type":"SearchAction","target":{"@type":"EntryPoint","urlTemplate":"https:\/\/hospitalityhouse.be\/?s={search_term_string}"},"query-input":{"@type":"PropertyValueSpecification","valueRequired":true,"valueName":"search_term_string"}}],"inLanguage":"fr-FR"},{"@type":"Organization","@id":"https:\/\/hospitalityhouse.be\/#organization","name":"Bosh and Bordon","url":"https:\/\/hospitalityhouse.be\/","logo":{"@type":"ImageObject","inLanguage":"fr-FR","@id":"https:\/\/hospitalityhouse.be\/#\/schema\/logo\/image\/","url":"https:\/\/hospitalityhouse.be\/wp-content\/uploads\/2022\/01\/hh-logo.svg","contentUrl":"https:\/\/hospitalityhouse.be\/wp-content\/uploads\/2022\/01\/hh-logo.svg","caption":"Bosh and Bordon"},"image":{"@id":"https:\/\/hospitalityhouse.be\/#\/schema\/logo\/image\/"}}]}},"rttpg_featured_image_url":null,"rttpg_author":{"display_name":"Plumbus","author_link":"https:\/\/hospitalityhouse.be\/fr\/author\/plumbus\/"},"rttpg_comment":0,"rttpg_category":" <a href=\"https:\/\/hospitalityhouse.be\/fr\/?taxonomy=translation_priority&#038;term=facultatif\" rel=\"tag\">Facultatif<\/a>","rttpg_excerpt":"[vc_row el_class=\u00a0\u00bbhome row-1 cases\u00a0\u00bb][vc_column el_class=\u00a0\u00bbouter-col-1&Prime;][vc_row_inner el_class=\u00a0\u00bbinner-row-1&Prime;][vc_column_inner el_class=\u00a0\u00bbinner-col-1&Prime;][vc_single_image image=\u00a0\u00bb850&Prime; img_size=\u00a0\u00bbfull\u00a0\u00bb alignment=\u00a0\u00bbcenter\u00a0\u00bb css_animation=\u00a0\u00bbfadeIn\u00a0\u00bb][\/vc_column_inner][\/vc_row_inner][\/vc_column][\/vc_row][vc_row el_class=\u00a0\u00bbhome row-2 cases\u00a0\u00bb][vc_column el_class=\u00a0\u00bbouter-col-1&Prime;][vc_row_inner el_class=\u00a0\u00bbinner-row-1&Prime;][vc_column_inner el_class=\u00a0\u00bbinner-col-1&Prime; width=\u00a0\u00bb2\/3&Prime; css=\u00a0\u00bb.vc_custom_1643626093439{background-color: #bdb145 !important;}\u00a0\u00bb][vc_column_text] Notre palmar\u00e8s parle de lui-m\u00eame. [\/vc_column_text][vc_column_text] Nous parlons beaucoup, mais passons-nous r\u00e9ellement \u00e0 l\u2019action\u202f? Voyez par vous-m\u00eame et d\u00e9couvrez ce que nous avons \u00e0 vous offrir. [\/vc_column_text][\/vc_column_inner][vc_column_inner el_class=\u00a0\u00bbinner-col-2&Prime; width=\u00a0\u00bb1\/3&Prime;][vc_single_image image=\u00a0\u00bb137&Prime; img_size=\u00a0\u00bbfull\u00a0\u00bb alignment=\u00a0\u00bbright\u00a0\u00bb css_animation=\u00a0\u00bbslideInUp\u00a0\u00bb][\/vc_column_inner][\/vc_row_inner][\/vc_column][\/vc_row][vc_row el_class=\u00a0\u00bbhome&hellip;&nbsp;Read\u2026","_links":{"self":[{"href":"https:\/\/hospitalityhouse.be\/fr\/wp-json\/wp\/v2\/pages\/1154","targetHints":{"allow":["GET"]}}],"collection":[{"href":"https:\/\/hospitalityhouse.be\/fr\/wp-json\/wp\/v2\/pages"}],"about":[{"href":"https:\/\/hospitalityhouse.be\/fr\/wp-json\/wp\/v2\/types\/page"}],"author":[{"embeddable":true,"href":"https:\/\/hospitalityhouse.be\/fr\/wp-json\/wp\/v2\/users\/1"}],"replies":[{"embeddable":true,"href":"https:\/\/hospitalityhouse.be\/fr\/wp-json\/wp\/v2\/comments?post=1154"}],"version-history":[{"count":2,"href":"https:\/\/hospitalityhouse.be\/fr\/wp-json\/wp\/v2\/pages\/1154\/revisions"}],"predecessor-version":[{"id":1382,"href":"https:\/\/hospitalityhouse.be\/fr\/wp-json\/wp\/v2\/pages\/1154\/revisions\/1382"}],"wp:attachment":[{"href":"https:\/\/hospitalityhouse.be\/fr\/wp-json\/wp\/v2\/media?parent=1154"}],"curies":[{"name":"wp","href":"https:\/\/api.w.org\/{rel}","templated":true}]}}